{"id":1031,"date":"2021-03-17T14:14:07","date_gmt":"2021-03-17T13:14:07","guid":{"rendered":"https:\/\/cme-widi.pl\/product\/widi-jack-kabel-25din6mini"},"modified":"2023-06-19T12:16:06","modified_gmt":"2023-06-19T10:16:06","slug":"widi-jack-kabel-25din6mini","status":"publish","type":"product","link":"https:\/\/cme-widi.pl\/pl\/produkt\/widi-jack-kabel-25din6mini","title":{"rendered":"WIDI Jack + kabel 25DIN6mini"},"content":{"rendered":"<p><strong>WIDI Jack to interfejs MIDI Bluetooth.<\/strong><br \/>\nTen pakiet zawiera 1x kabel DIN-6 gratis!<\/p>\n<p>Cena nie obejmuje koszt\u00f3w wysy\u0142ki i podatku importowego stosowanego przez lokalny rz\u0105d. W naszym sklepie wystarczy wybra\u0107 preferencje dotycz\u0105ce wysy\u0142ki!<br \/>\nDowiedz si\u0119 wi\u0119cej <a href=\"https:\/\/www.cme-pro.com\/tracking-your-widi-master-shipment\/\" target=\"_blank\" rel=\"noopener\"><strong>tutaj<\/strong><\/a>!<\/p>\n<p><strong>Wa\u017cne! <\/strong>Do sparowania dw\u00f3ch urz\u0105dze\u0144 MIDI potrzebny b\u0119dzie 2x WIDI Jack. Do sparowania z urz\u0105dzeniem Bluetooth MIDI wystarczy 1x WIDI Jack. Mo\u017cesz doda\u0107 do 5x urz\u0105dze\u0144 WIDI w bezprzewodowej grupie MIDI.<br \/>\nDowiedz si\u0119 wi\u0119cej <a href=\"https:\/\/www.cme-pro.com\/widi-which-device-will-you-connect\/\" target=\"_blank\" rel=\"noopener\"><strong>tutaj<\/strong><\/a>!<\/p>\n<p><strong>Podana cena na naszej witrynie nie zawiera kosztu wysy\u0142ki oraz podatku Vat 23%. Je\u015bli zam\u00f3wienie zosta\u0142o z\u0142o\u017cone poza Uni\u0105 Europejsk\u0105 mo\u017ce zosta\u0107 na\u0142o\u017cone na nie c\u0142o i inne koszty odprawy celnej.<\/strong><\/p>\n","protected":false},"excerpt":{"rendered":"<p>WIDI Jack to interfejs MIDI Bluetooth. Ten pakiet zawiera 1x kabel DIN-6 gratis! Cena nie obejmuje koszt\u00f3w wysy\u0142ki i podatku importowego stosowanego przez lokalny rz\u0105d. W naszym sklepie wystarczy wybra\u0107 preferencje dotycz\u0105ce wysy\u0142ki! Dowiedz si\u0119 wi\u0119cej tutaj! Wa\u017cne! Do sparowania dw\u00f3ch urz\u0105dze\u0144 MIDI potrzebny b\u0119dzie 2x WIDI Jack. Do sparowania z urz\u0105dzeniem Bluetooth MIDI wystarczy [&hellip;]<\/p>\n","protected":false},"featured_media":949,"comment_status":"open","ping_status":"closed","template":"","meta":[],"product_brand":[],"product_cat":[33],"product_tag":[],"class_list":{"0":"post-1031","1":"product","2":"type-product","3":"status-publish","4":"has-post-thumbnail","6":"product_cat-uncategorized-pl","8":"first","9":"instock","10":"taxable","11":"shipping-taxable","12":"purchasable","13":"product-type-simple"},"_links":{"self":[{"href":"https:\/\/cme-widi.pl\/pl\/wp-json\/wp\/v2\/product\/1031","targetHints":{"allow":["GET"]}}],"collection":[{"href":"https:\/\/cme-widi.pl\/pl\/wp-json\/wp\/v2\/product"}],"about":[{"href":"https:\/\/cme-widi.pl\/pl\/wp-json\/wp\/v2\/types\/product"}],"replies":[{"embeddable":true,"href":"https:\/\/cme-widi.pl\/pl\/wp-json\/wp\/v2\/comments?post=1031"}],"wp:featuredmedia":[{"embeddable":true,"href":"https:\/\/cme-widi.pl\/pl\/wp-json\/wp\/v2\/media\/949"}],"wp:attachment":[{"href":"https:\/\/cme-widi.pl\/pl\/wp-json\/wp\/v2\/media?parent=1031"}],"wp:term":[{"taxonomy":"product_brand","embeddable":true,"href":"https:\/\/cme-widi.pl\/pl\/wp-json\/wp\/v2\/product_brand?post=1031"},{"taxonomy":"product_cat","embeddable":true,"href":"https:\/\/cme-widi.pl\/pl\/wp-json\/wp\/v2\/product_cat?post=1031"},{"taxonomy":"product_tag","embeddable":true,"href":"https:\/\/cme-widi.pl\/pl\/wp-json\/wp\/v2\/product_tag?post=1031"}],"curies":[{"name":"wp","href":"https:\/\/api.w.org\/{rel}","templated":true}]}}