{"id":1294,"date":"2021-03-17T14:16:59","date_gmt":"2021-03-17T13:16:59","guid":{"rendered":"https:\/\/cme-widi.pl\/product\/akcesoria-widi-kabel-25din6mini"},"modified":"2023-06-19T12:15:46","modified_gmt":"2023-06-19T10:15:46","slug":"akcesoria-widi-kabel-25din6mini","status":"publish","type":"product","link":"https:\/\/cme-widi.pl\/pl\/produkt\/akcesoria-widi-kabel-25din6mini","title":{"rendered":"Akcesorium WIDI &#8211; kabel 25DIN6mini"},"content":{"rendered":"<p data-css=\"tve-u-1762e35fa7f\"><strong>To jest akcesorium dla WIDI Jack zawieraj\u0105ce kabel 1x kabel DIN-6 MIDI!<\/strong><\/p>\n<p>Cena nie obejmuje koszt\u00f3w wysy\u0142ki i podatku importowego stosowanego przez lokalny rz\u0105d. W naszym sklepie wystarczy wybra\u0107 preferencje dotycz\u0105ce wysy\u0142ki!<\/p>\n<p>Prosz\u0119 pami\u0119ta\u0107, \u017ce ten kabel nadaje si\u0119 tylko do WIDI Jack. Kody rabatowe nie obowi\u0105zuj\u0105 na kable akcesoryjne. Dowiedz si\u0119 wi\u0119cej o <strong><a class=\"tve-froala\" href=\"https:\/\/www.cme-pro.com\/widi-jack\/\" target=\"_blank\" rel=\"noopener\">WIDI Jack!<\/a><\/p>\n<p>Podana cena na naszej witrynie nie zawiera kosztu wysy\u0142ki oraz podatku Vat 23%. Je\u015bli zam\u00f3wienie zosta\u0142o z\u0142o\u017cone poza Uni\u0105 Europejsk\u0105 mo\u017ce zosta\u0107 na\u0142o\u017cone na nie c\u0142o i inne koszty odprawy celnej.<br \/>\n<\/strong><\/p>\n","protected":false},"excerpt":{"rendered":"<p>To jest akcesorium dla WIDI Jack zawieraj\u0105ce kabel 1x kabel DIN-6 MIDI! Cena nie obejmuje koszt\u00f3w wysy\u0142ki i podatku importowego stosowanego przez lokalny rz\u0105d. W naszym sklepie wystarczy wybra\u0107 preferencje dotycz\u0105ce wysy\u0142ki! Prosz\u0119 pami\u0119ta\u0107, \u017ce ten kabel nadaje si\u0119 tylko do WIDI Jack. Kody rabatowe nie obowi\u0105zuj\u0105 na kable akcesoryjne. Dowiedz si\u0119 wi\u0119cej o WIDI [&hellip;]<\/p>\n","protected":false},"featured_media":955,"comment_status":"open","ping_status":"closed","template":"","meta":[],"product_brand":[],"product_cat":[33],"product_tag":[],"class_list":{"0":"post-1294","1":"product","2":"type-product","3":"status-publish","4":"has-post-thumbnail","6":"product_cat-uncategorized-pl","8":"first","9":"instock","10":"taxable","11":"shipping-taxable","12":"purchasable","13":"product-type-simple"},"_links":{"self":[{"href":"https:\/\/cme-widi.pl\/pl\/wp-json\/wp\/v2\/product\/1294","targetHints":{"allow":["GET"]}}],"collection":[{"href":"https:\/\/cme-widi.pl\/pl\/wp-json\/wp\/v2\/product"}],"about":[{"href":"https:\/\/cme-widi.pl\/pl\/wp-json\/wp\/v2\/types\/product"}],"replies":[{"embeddable":true,"href":"https:\/\/cme-widi.pl\/pl\/wp-json\/wp\/v2\/comments?post=1294"}],"wp:featuredmedia":[{"embeddable":true,"href":"https:\/\/cme-widi.pl\/pl\/wp-json\/wp\/v2\/media\/955"}],"wp:attachment":[{"href":"https:\/\/cme-widi.pl\/pl\/wp-json\/wp\/v2\/media?parent=1294"}],"wp:term":[{"taxonomy":"product_brand","embeddable":true,"href":"https:\/\/cme-widi.pl\/pl\/wp-json\/wp\/v2\/product_brand?post=1294"},{"taxonomy":"product_cat","embeddable":true,"href":"https:\/\/cme-widi.pl\/pl\/wp-json\/wp\/v2\/product_cat?post=1294"},{"taxonomy":"product_tag","embeddable":true,"href":"https:\/\/cme-widi.pl\/pl\/wp-json\/wp\/v2\/product_tag?post=1294"}],"curies":[{"name":"wp","href":"https:\/\/api.w.org\/{rel}","templated":true}]}}