{"id":1295,"date":"2021-03-17T14:22:35","date_gmt":"2021-03-17T13:22:35","guid":{"rendered":"https:\/\/cme-widi.pl\/product\/akcesorium-widi-25trs25-kable"},"modified":"2023-06-19T12:15:37","modified_gmt":"2023-06-19T10:15:37","slug":"akcesorium-widi-25trs25-kable","status":"publish","type":"product","link":"https:\/\/cme-widi.pl\/pl\/produkt\/akcesorium-widi-25trs25-kable","title":{"rendered":"Akcesorium WIDI \u2013 kable 25TRS25"},"content":{"rendered":"<p data-css=\"tve-u-1762e35fa7f\"><strong>To akcesorium dla WIDI Jack zawiera 2 kable!<\/strong><\/p>\n<p>TRS 2,5mm jest taki sam jak TRS 3\/32&#8243; i czasami okre\u015blany jako TRS 1\/10&#8243;.<\/p>\n<p>Cena nie obejmuje koszt\u00f3w wysy\u0142ki i podatku importowego stosowanego przez lokalny rz\u0105d. W naszym sklepie wystarczy wybra\u0107 preferencje dotycz\u0105ce wysy\u0142ki!<\/p>\n<p>Prosz\u0119 pami\u0119ta\u0107, \u017ce ten kabel nadaje si\u0119 tylko do WIDI Jack. Kody rabatowe nie obowi\u0105zuj\u0105 na kable akcesoryjne. Dowiedz si\u0119 wi\u0119cej o <strong><a href=\"https:\/\/www.cme-pro.com\/widi-jack\/\" target=\"_blank\" rel=\"noopener\">WIDI Jack!<\/a><\/p>\n<p>Podana cena na naszej witrynie nie zawiera kosztu wysy\u0142ki oraz podatku Vat 23%. Je\u015bli zam\u00f3wienie zosta\u0142o z\u0142o\u017cone poza Uni\u0105 Europejsk\u0105 mo\u017ce zosta\u0107 na\u0142o\u017cone na nie c\u0142o i inne koszty odprawy celnej.<br \/>\n<\/strong><\/p>\n","protected":false},"excerpt":{"rendered":"<p>To akcesorium dla WIDI Jack zawiera 2 kable! TRS 2,5mm jest taki sam jak TRS 3\/32&#8243; i czasami okre\u015blany jako TRS 1\/10&#8243;. Cena nie obejmuje koszt\u00f3w wysy\u0142ki i podatku importowego stosowanego przez lokalny rz\u0105d. W naszym sklepie wystarczy wybra\u0107 preferencje dotycz\u0105ce wysy\u0142ki! Prosz\u0119 pami\u0119ta\u0107, \u017ce ten kabel nadaje si\u0119 tylko do WIDI Jack. Kody rabatowe [&hellip;]<\/p>\n","protected":false},"featured_media":956,"comment_status":"open","ping_status":"closed","template":"","meta":[],"product_brand":[],"product_cat":[33],"product_tag":[],"class_list":{"0":"post-1295","1":"product","2":"type-product","3":"status-publish","4":"has-post-thumbnail","6":"product_cat-uncategorized-pl","8":"first","9":"instock","10":"taxable","11":"shipping-taxable","12":"purchasable","13":"product-type-simple"},"_links":{"self":[{"href":"https:\/\/cme-widi.pl\/pl\/wp-json\/wp\/v2\/product\/1295","targetHints":{"allow":["GET"]}}],"collection":[{"href":"https:\/\/cme-widi.pl\/pl\/wp-json\/wp\/v2\/product"}],"about":[{"href":"https:\/\/cme-widi.pl\/pl\/wp-json\/wp\/v2\/types\/product"}],"replies":[{"embeddable":true,"href":"https:\/\/cme-widi.pl\/pl\/wp-json\/wp\/v2\/comments?post=1295"}],"wp:featuredmedia":[{"embeddable":true,"href":"https:\/\/cme-widi.pl\/pl\/wp-json\/wp\/v2\/media\/956"}],"wp:attachment":[{"href":"https:\/\/cme-widi.pl\/pl\/wp-json\/wp\/v2\/media?parent=1295"}],"wp:term":[{"taxonomy":"product_brand","embeddable":true,"href":"https:\/\/cme-widi.pl\/pl\/wp-json\/wp\/v2\/product_brand?post=1295"},{"taxonomy":"product_cat","embeddable":true,"href":"https:\/\/cme-widi.pl\/pl\/wp-json\/wp\/v2\/product_cat?post=1295"},{"taxonomy":"product_tag","embeddable":true,"href":"https:\/\/cme-widi.pl\/pl\/wp-json\/wp\/v2\/product_tag?post=1295"}],"curies":[{"name":"wp","href":"https:\/\/api.w.org\/{rel}","templated":true}]}}